{"id":701,"date":"2011-05-20T18:49:43","date_gmt":"2011-05-20T16:49:43","guid":{"rendered":"http:\/\/wpthemetestdata.wordpress.com\/?page_id=701"},"modified":"2024-10-15T10:01:23","modified_gmt":"2024-10-15T08:01:23","slug":"piu-valore-casa","status":"publish","type":"page","link":"https:\/\/www.piuvalorecasa.online\/","title":{"rendered":"Pi\u00f9 Valore Casa"},"content":{"rendered":"\t\t<div data-elementor-type=\"wp-page\" data-elementor-id=\"701\" class=\"elementor elementor-701\" data-elementor-post-type=\"page\">\n\t\t\t\t\t\t<section class=\"elementor-section elementor-top-section elementor-element elementor-element-4ac4dc9 elementor-section-boxed elementor-section-height-default elementor-section-height-default\" data-id=\"4ac4dc9\" data-element_type=\"section\" data-e-type=\"section\">\n\t\t\t\t\t\t<div class=\"elementor-container elementor-column-gap-default\">\n\t\t\t\t\t<div class=\"elementor-column elementor-col-100 elementor-top-column elementor-element elementor-element-bea9007\" data-id=\"bea9007\" data-element_type=\"column\" data-e-type=\"column\">\n\t\t\t<div class=\"elementor-widget-wrap elementor-element-populated\">\n\t\t\t\t\t\t<div class=\"elementor-element elementor-element-64f9356 elementor-align-center elementor-widget elementor-widget-button\" data-id=\"64f9356\" data-element_type=\"widget\" data-e-type=\"widget\" data-widget_type=\"button.default\">\n\t\t\t\t<div class=\"elementor-widget-container\">\n\t\t\t\t\t\t\t\t\t<div class=\"elementor-button-wrapper\">\n\t\t\t\t\t<a class=\"elementor-button elementor-button-link elementor-size-lg\" href=\"#buy\">\n\t\t\t\t\t\t<span class=\"elementor-button-content-wrapper\">\n\t\t\t\t\t\t<span class=\"elementor-button-icon\">\n\t\t\t\t<i aria-hidden=\"true\" class=\"far fa-arrow-alt-circle-down\"><\/i>\t\t\t<\/span>\n\t\t\t\t\t\t\t\t\t<span class=\"elementor-button-text\">SI VOGLIO CONOSCERE DI PIU' QUESTA OCCASIONE<\/span>\n\t\t\t\t\t<\/span>\n\t\t\t\t\t<\/a>\n\t\t\t\t<\/div>\n\t\t\t\t\t\t\t\t<\/div>\n\t\t\t\t<\/div>\n\t\t\t\t<div class=\"elementor-element elementor-element-ba5d293 elementor-widget elementor-widget-image\" data-id=\"ba5d293\" data-element_type=\"widget\" data-e-type=\"widget\" data-widget_type=\"image.default\">\n\t\t\t\t<div class=\"elementor-widget-container\">\n\t\t\t\t\t\t\t\t\t\t\t\t\t\t\t<img fetchpriority=\"high\" decoding=\"async\" width=\"1500\" height=\"1000\" src=\"https:\/\/www.piuvalorecasa.online\/wp-content\/uploads\/2023\/02\/phone-mockup.png\" class=\"attachment-2048x2048 size-2048x2048 wp-image-1901\" alt=\"\" srcset=\"https:\/\/www.piuvalorecasa.online\/wp-content\/uploads\/2023\/02\/phone-mockup.png 1500w, https:\/\/www.piuvalorecasa.online\/wp-content\/uploads\/2023\/02\/phone-mockup-300x200.png 300w, https:\/\/www.piuvalorecasa.online\/wp-content\/uploads\/2023\/02\/phone-mockup-1024x683.png 1024w, https:\/\/www.piuvalorecasa.online\/wp-content\/uploads\/2023\/02\/phone-mockup-768x512.png 768w\" sizes=\"(max-width: 1500px) 100vw, 1500px\" \/>\t\t\t\t\t\t\t\t\t\t\t\t\t\t\t<\/div>\n\t\t\t\t<\/div>\n\t\t\t\t<div class=\"elementor-element elementor-element-ecb9dd0 elementor-widget elementor-widget-text-editor\" data-id=\"ecb9dd0\" data-element_type=\"widget\" data-e-type=\"widget\" data-widget_type=\"text-editor.default\">\n\t\t\t\t<div class=\"elementor-widget-container\">\n\t\t\t\t\t\t\t\t\t<blockquote>\n<h3><b>QUI TI ANTICIPO UNA&nbsp;SINTESI DI COME FUNZIONA!.<\/b><\/h3>\n<\/blockquote>\n<div><b>&nbsp;<\/b><\/div>\n<p>Se hai gi\u00e0 un conoscente da segnalarci puoi partire in quarta subito\u2026 Infatti dopo la richiesta potrai ricevere il link per scaricare la nostra APP e registrarti subito come nostro Segnalatore.<\/p>\n<p><span style=\"font-size: 20px;\">Diventare nostro Segnalatore \u00e8 un\u2019occasione unica per poter&nbsp;<\/span><strong style=\"font-size: 20px;\">incassare da 500 a 1.000\u20ac&nbsp;<\/strong><b>(in buoni Unieuro-Declaton-Carrefur-Iperal-Q8-Ovs-Crai)<\/b><strong style=\"font-size: 20px;\">, senza alzare un dito oltre alla gustosa cena per due persone. Naturalmente questi premi li avrai per ogni segnalazione andata a buon fine che ci farai.<\/strong><\/p>\n<p><strong style=\"font-size: 20px;\">&nbsp;<\/strong><\/p>\n<p><\/p>\n<ul>\n<li>\n<p>Il patto \u00e8 semplice, tu ci segnali un potenziale cliente e nel momento in cui sottoscriviamo con lui l&#8217;incarico alla vendita tu riceverai il primo premio corrispondente alla Cena per due persone.<\/p>\n<\/li>\n<li>\n<p>Poi noi cureremo tutta la trattativa e&nbsp; quando il cliente firma il contratto e ci paga, tu riceverai la cifra pattuita.<\/p>\n<\/li>\n<li>&nbsp;<\/li>\n<\/ul>\n<p>L\u2019App \u201c<b>Pi\u00f9 Valore Casa <\/b>\u201d ti aggiorner\u00e0 sull\u2019avanzamento della segnalazione in tempo reale, cosi sarai sempre aggiornato su quello che succede.&nbsp;<\/p>\n<p><\/p>\n<p>Oltre a questo un \u201c<strong>notaio virtuale<\/strong>\u201d rappresentato dalla Blockchain Ethereum, valider\u00e0 ogni segnalazione rendendo impossibile che tu non venga pagato o qualcuno faccia il furbo.&nbsp;<\/p>\n<p><\/p>\n<p>Ora devi solo fare azione e procedere come segue:<\/p>\n<p><\/p>\n<ol>\n<li>\n<p>Inserisci i tuoi dati in questa pagina<\/p>\n<\/li>\n<li>\n<p>Ricevi la mail con le istruzioni<\/p>\n<\/li>\n<li>\n<p>Nella mail troverai il link per scaricare la nostra APP<\/p>\n<\/li>\n<li>\n<p>Inizia a fare azione<\/p>\n<\/li>\n<li>\n<p>Prenota la tua CALL con Cristina per conoscerci<\/p>\n<\/li>\n<\/ol>\n<div>&nbsp;<\/div>\n<p>Ora vediamo un po\u2019 come puoi fare a farci la tua prima segnalazione.<\/p>\n<p><\/p>\n<ul>\n<li><b>Quali sono i clienti che per noi sono in target e che quindi vorremmo che tu ci segnalassi?<\/b><\/li>\n<\/ul>\n<ul>\n<li># Qualsiasi soggetto che vuole vendere un Appartamento, una Casa o una Villa.&nbsp;<\/li>\n<li>&nbsp;<\/li>\n<\/ul>\n<p>Per quel che riguarda invece COME fare la segnalazione, dopo un po\u2019 di Small Talk su come vanno le cose, puoi alzare l\u2019interesse del tuo conoscente mettendo subito in chiaro il beneficio per lui.<\/p>\n<p><\/p>\n<blockquote>\n<p>\u201cTi chiamo perch\u00e8, so che vuoi vendere casa.<\/p>\n<p>Collaboro con &#8220;<strong>Pi\u00f9 Valore Casa&#8221; <\/strong>e&nbsp;ho pensato che potesse interessarti affidarti a una agenzia immobiliare che <strong>utilizza un innovativo metodo di vendita<\/strong>.<\/p>\n<p><\/p>\n<p>&nbsp;Un\u2019agenzia tradizionale ti abbassa nel tempo sempre pi\u00f9 il prezzo per trovare un acquirente\u2026<\/p>\n<p><strong>PiuValoreCasa<\/strong>&nbsp; invece al contrario<strong>, aumenta il valore percepito della tua casa<\/strong>.<\/p>\n<p><\/p>\n<p>Poco importa se la tua casa \u00e8&nbsp;<strong>nuova, vecchia, vuota, o arredata<\/strong>.&nbsp;Uno specialista di&nbsp;PiuValoreCasa&nbsp;sceglier\u00e0&nbsp;la <strong>soluzione di valorizzazione e di marketing&nbsp;immobiliare pi\u00f9 adatta<\/strong>&nbsp;per farti <strong>ottenere il massimo risultato possibile<\/strong>. Per rendere la tua casa la migliore soluzione possibile, che spicca tra tutte le altre.<\/p>\n<p><\/p>\n<p>E tutto questo <u><strong>senza farti spendere un solo centesimo<\/strong>.<\/u><\/p>\n<p><\/p>\n<ul>\n<li>E questo viene fatto perch\u00e9 come \u00e8 ovvio che sia, una casa preparata, bella e con pi\u00f9 Valore, si vende in tempi pi\u00f9 rapidi e permette di incassare di pi\u00f9.<\/li>\n<\/ul>\n<p>Quindi mi chiedevo se potrebbe interessarti se ti facessi contattare da un loro consulente? \u201d&nbsp;<\/p>\n<p><strong>Ti dimostreranno, senza impegno<\/strong>, &nbsp;in base al tuo caso specifico, come effettivamente &nbsp;riescono ad aumentare il valore di casa tua, e <strong>come puoi beneficiare di questo servizio gratuito<\/strong>, per <strong>vendere velocemente e meglio la tua casa.<\/strong><\/p>\n<p><strong>&nbsp;<\/strong><\/p>\n<p><\/p>\n<\/blockquote>\n<p>Molti diranno di SI stanne certo, e chiederai loro solo il permesso per essere segnalati: \u201cAllora, se ti interessa, posso lasciare il tuo nominativo e senza impegno un consulente ti contatta e ti illustra tutto\u2026 ok?<\/p>\n<p><\/p>\t\t\t\t\t\t\t\t<\/div>\n\t\t\t\t<\/div>\n\t\t\t\t\t<\/div>\n\t\t<\/div>\n\t\t\t\t\t<\/div>\n\t\t<\/section>\n\t\t\t\t<section class=\"elementor-section elementor-top-section elementor-element elementor-element-942d24b elementor-section-boxed elementor-section-height-default elementor-section-height-default\" data-id=\"942d24b\" data-element_type=\"section\" data-e-type=\"section\" data-settings=\"{&quot;background_background&quot;:&quot;classic&quot;}\">\n\t\t\t\t\t\t<div class=\"elementor-container elementor-column-gap-default\">\n\t\t\t\t\t<div class=\"elementor-column elementor-col-100 elementor-top-column elementor-element elementor-element-e85f19e\" data-id=\"e85f19e\" data-element_type=\"column\" data-e-type=\"column\">\n\t\t\t<div class=\"elementor-widget-wrap elementor-element-populated\">\n\t\t\t\t\t\t<div class=\"elementor-element elementor-element-47707ef elementor-widget elementor-widget-menu-anchor\" data-id=\"47707ef\" data-element_type=\"widget\" data-e-type=\"widget\" data-widget_type=\"menu-anchor.default\">\n\t\t\t\t<div class=\"elementor-widget-container\">\n\t\t\t\t\t\t\t<div class=\"elementor-menu-anchor\" id=\"buy\"><\/div>\n\t\t\t\t\t\t<\/div>\n\t\t\t\t<\/div>\n\t\t\t\t<div class=\"elementor-element elementor-element-03c386f elementor-widget elementor-widget-heading\" data-id=\"03c386f\" data-element_type=\"widget\" data-e-type=\"widget\" data-widget_type=\"heading.default\">\n\t\t\t\t<div class=\"elementor-widget-container\">\n\t\t\t\t\t<h4 class=\"elementor-heading-title elementor-size-default\">Se vuoi entrare nel nostro CLUB, <b>guadagnare da \u20ac500 a 1.000 euro (in buoni Unieuro-Declaton-Carrefur-Iperal-Q8-Ovs-Crai) <\/b><b>oltre ad una cena per due, (a referenza), i<\/b>l primo passo \u00e8 farci sapere che sei interessato e a conoscerci meglio. <br><br><br>Basta semplicemente <b>compilare il form<\/b> qui sotto e riceverai :<br><br><br>- una mail con tutte le informazioni.<br>-  il link dell'APP da scaricare<br>-  e sarai contattato nei prossimi giorni da Cristina.<br><\/h4>\t\t\t\t<\/div>\n\t\t\t\t<\/div>\n\t\t\t\t<div class=\"elementor-element elementor-element-d67bd50 elementor-widget elementor-widget-html\" data-id=\"d67bd50\" data-element_type=\"widget\" data-e-type=\"widget\" data-widget_type=\"html.default\">\n\t\t\t\t<div class=\"elementor-widget-container\">\n\t\t\t\t\t\n                    <link rel=\"stylesheet\" href=\"https:\/\/cdn.jsdelivr.net\/npm\/sweetalert2@11\/dist\/sweetalert2.min.css\">\n                <form id=\"ref_form\" method=\"post\" action=\"https:\/\/app2.yourappconsole.com\/migareference\/public_optinlanding\/subscribev3\" target=\"_blank\" style=\"border: 3px solid #f1f1f1;font-family: Arial;\">\n                    <div style=\"padding: 20px;background-color:white;\">\n                        <small style=\"error-text\" class=\"error-message\" id=\"exception-error\"><\/small>\n                        <p>Nome *<\/p>\n                        <input style=\"width: 100%;padding: 12px; margin: 8px 0;display: inline-block;border: 1px solid #ccc;box-sizing: border-box;\" type=\"text\" name=\"firstname\"required>\n                        <small style=\"error-text\" class=\"error-message\" id=\"firstname-error\"><\/small>\n                        <p>Cognome *<\/p>\n                        <input style=\"width: 100%;padding: 12px; margin: 8px 0;display: inline-block;border: 1px solid #ccc;box-sizing: border-box;\" type=\"text\" name=\"lastname\"required>\n                        <small style=\"error-text\" class=\"error-message\" id=\"lastname-error\"><\/small>\n                        <p>Indirizzo Email *<\/p>\n                        <input style=\"width: 100%;padding: 12px; margin: 8px 0;display: inline-block;border: 1px solid #ccc;box-sizing: border-box;\" type=\"email\" name=\"email\" required>\n                        <small style=\"error-text\" class=\"error-message\" id=\"email-error\"><\/small>\n                        <p>Cellulare *<\/p>\n                        <input style=\"height:46px; width: 100%;padding: 12px; margin: 8px 0;display: inline-block;border: 1px solid #ccc;box-sizing: border-box;\" type=\"text\" value=\"+39\" name=\"mobile\" required>\n                        <small style=\"error-text\" class=\"error-message\" id=\"mobile-error\"><\/small>\n\t\t\t\t\t\t                        <p>Data Nascita *<\/p>\n                        <input style=\"height:46px; width: 100%;padding: 12px; margin: 8px 0;display: inline-block;border: 1px solid #ccc;box-sizing: border-box;\" type=\"date\"  name=\"birthdate\" required>\n                        <small style=\"error-text\" class=\"error-message\" id=\"birthdate-error\"><\/small>\n                        <p class=\"\">Seleziona Professione *<\/p>\n                        <select id=\"job_id\" class=\"\" name=\"job_id\" style=\"display:none;width: 100%;height:46px;padding: 12px; margin: 8px 0;display: inline-block;border: 1px solid #ccc;box-sizing: border-box;\">                                                \n                        <\/select>\n                        <small style=\"error-text\" class=\"error-message\" id=\"job_id-error\"><\/small>\n                        <p class=\"\">Seleziona Settore *<\/p>\n                        <select id=\"profession_id\" class=\"\" name=\"profession_id\" style=\"display:none;width: 100%;height:46px;padding: 12px; margin: 8px 0;display: inline-block;border: 1px solid #ccc;box-sizing: border-box;\">                                                \n                        <\/select>\n                        <small style=\"error-text\" class=\"error-message\" id=\"profession_id-error\"><\/small>\n                        <p class=\"sponsor_list\">Chi ti ha invitato ad essere Segnalatore? *<\/p>\n                        <select id=\"sponsor_id\" class=\"sponsor_list\" name=\"sponsor_id\" style=\"display:none;width: 100%;height:46px;padding: 12px; margin: 8px 0;display: inline-block;border: 1px solid #ccc;box-sizing: border-box;\">                                                \n                        <\/select>\n                        <small style=\"error-text\" class=\"error-message\" id=\"sponsor_id-error\"><\/small>\n                        <p class=\"province_list\">Provincia di Residenza *<\/p>\n                        <select id=\"province_id\" class=\"province_list\" name=\"province_id\" style=\"display:none;width: 100%;height:46px;padding: 12px; margin: 8px 0;display: inline-block;border: 1px solid #ccc;box-sizing: border-box;\">                                                \n                        <\/select>\n                        <small style=\"error-text\" class=\"error-message\" id=\"province_id-error\"><\/small>\n                        <input type=\"hidden\" name=\"app_id\" value=\"174\">\n                        <input type=\"hidden\" name=\"value_id\" value=\"4001\">                        \n                        <input type=\"hidden\" id=\"sponsord_by\" name=\"sponsord_by\" value=\"\">\n                        <br>\n                        <br>\n                        <label>\n                        <input  name=\"privacy\" type=\"checkbox\" required>\n                        <small style=\"error-text\" class=\"error-message\" id=\"privacy-error\"><\/small>\n                        <span><\/span>                         \n                        <a href=\"https:\/\/app2.yourappconsole.com\/application\/privacypolicy\/index\/id\/63c56b5cc3b43\" target=\"_blank\" > Accetto la Informativa Privacy <\/a>                        \n                        <\/label>\n                        <label>\n                        <br>\n                        <br>\n                        <input  name=\"consent\" type=\"checkbox\" checked=\"checked\" required> \n                        <small style=\"error-text\" class=\"error-message\" id=\"consent-error\"><\/small>\n                        <a href=\"https:\/\/app2.yourappconsole.com\/application\/privacypolicy\/index\/id\/63c56b5cc3b43\" target=\"_blank\" > Consenso per essere richiamato <\/a>                        \n                        <\/label>\n\t\t\t\t\t\t                          \n                        <br>\n                        <br>\n                        <small style=\"error-text\" class=\"error-message\" id=\"captcha-error\"><\/small>\n                        <p>Enter the SUM of the numbers shown in image <\/p>\n                        <div id=\"captcha_cotainer\">            \n                        <div>\n                        <span id=\"c-img-con\" style=\"float:left;\"><\/span>\n                        <input style=\"padding: 12px; display: inline-block;border: 1px solid #ccc;box-sizing: border-box;\" type=\"text\" name=\"c_img_fi\"required>\n                        <\/div>\n                        <\/div>                        \n                        <input id='track_id' type=\"hidden\" name=\"track_id\" value=\"\">\n                    <\/div>\n                    <div style=\"padding: 20px;background-color: #f1f1f1;text-align: center;\">\n                        <button class = \"subscription_button g-recaptcha\"  style=\"width: 100%;padding: 12px; margin: 8px 0;cursor:pointer;display: inline-block;border: 1px solid #ccc;box-sizing: border-box;background-color: #000000;color: #ffffff;border: none;\" data-sitekey=\"6LdMEUApAAAAAJcxL4F-rbULHjFebG8xOS707wUA\" \n                    data-callback='onSubmit' \n                    data-action='submit'>SI! Voglio candidarmi<\/button>\n                    <\/div>\n                <\/form>\n                <div id=\"loader\" style=\"display:none; position: fixed; left: 0; top: 0; width: 100%; height: 100%; z-index: 9999; background: rgba(255,255,255,0.8) url('https:\/\/app2.yourappconsole.com\/app\/local\/modules\/Migareference\/resources\/appicons\/loader.gif') 50% 50% no-repeat;\"><\/div>\n                \n                <script\n                src=\"https:\/\/cdn.jsdelivr.net\/npm\/sweetalert2@11\">\n                <\/script>\n                <script\n                src=\"https:\/\/ajax.googleapis.com\/ajax\/libs\/jquery\/3.6.0\/jquery.min.js\">\n                <\/script>\n                <script\n                src=\"https:\/\/www.google.com\/recaptcha\/api.js\">\n                <\/script>\n                <style>\n                .error-message{\n                    color: red;\n                    font-size: 12px;\n                }\n                <\/style>\n                <script>\n                function onSubmit(token) {\n                    submitForm();\n                }\n                function submitForm() {\n                    $(\"#loader\").show();\n                    $.ajax({\n                        url: $('#ref_form').attr('action'),\n                        type: 'POST',\n                        dataType: 'json',\n                        data: $('#ref_form').serialize(),\n                        success: function(response) {\n                            $('.error-message').html(''); \/\/ Clear any previous error messages\n                            $(\"#loader\").hide();\n                            if (response.success) {\n                                if (response.is_redirect) {\n                                    \/\/ Redirect to the provided URL and close the current window\n                                    window.open(response.redirect_url, '_blank');\n                                    window.close();\n                                } else {\n                                    \/\/ Show SweetAlert success message\n                                    Swal.fire({\n                                        icon: 'success',\n                                        title: response.success_title,\n                                        text: response.success_message\n                                    }).then(() => {\n                                        document.getElementById('ref_form').reset(); \/\/ Reset the form\n                                    });\n                                }\n                            } else {\n                                window.scrollTo({ top: 0, behavior: 'smooth' });\n                                displayErrors(response.errors);\n                            }\n                        },\n                        error: function() {\n                            $(\"#loader\").hide();\n                            alert('An error occurred. Please try again.');\n                        }\n                    });\n                }\n\n                function displayErrors(errors) {                                \n                    for (let key in errors) {\n                        if (errors.hasOwnProperty(key)) {                    \n                            $('#' + key + '-error').html(errors[key]);\n                        }\n                    }\n                }\n                  loadSettings();\n                    function loadSettings() {\n                    $.ajax({\n                            url: 'https:\/\/app2.yourappconsole.com\/migareference\/public_optinlanding\/loadsettings',\n                            type: 'POST',\n                            dataType: 'json',\n                            data: {app_id: 174}\n                        })\n                        .done(function(data) {\n                           $(\"#sponsor_id\").html(\"\").append(data.agent_option);\n                           $(\"#province_id\").html(\"\").append(data.province_list);\n                           $(\"#job_id\").html(\"\").append(data.job_list);\n                           $(\"#profession_id\").html(\"\").append(data.profession_list);\n                           $(\"#profession_id\").html(\"\").append(data.profession_list);\n                           $(\"#c-img-con\").html(\"\").append(data.c_img);\n                           $(\"#track_id\").val(data.track_id);\n\t\t\t\t\t\t                              $(\".sponsor_list\").css(\"display\", data.sponsor_display);\n                           $(\".province_list\").css(\"display\", data.province_display);\n\t\t\t\t\t\t    \n                           const urlParams = new URLSearchParams(window.location.search);                               \n                           $(\"#sponsord_by\").val(urlParams.get('agval'));\n                        });\n                    }\n                <\/script>\n                \t\t\t\t<\/div>\n\t\t\t\t<\/div>\n\t\t\t\t\t<\/div>\n\t\t<\/div>\n\t\t\t\t\t<\/div>\n\t\t<\/section>\n\t\t\t\t<section class=\"elementor-section elementor-top-section elementor-element elementor-element-13c00b9 elementor-section-boxed elementor-section-height-default elementor-section-height-default\" data-id=\"13c00b9\" data-element_type=\"section\" data-e-type=\"section\">\n\t\t\t\t\t\t<div class=\"elementor-container elementor-column-gap-default\">\n\t\t\t\t\t<div class=\"elementor-column elementor-col-100 elementor-top-column elementor-element elementor-element-4152e34\" data-id=\"4152e34\" data-element_type=\"column\" data-e-type=\"column\">\n\t\t\t<div class=\"elementor-widget-wrap elementor-element-populated\">\n\t\t\t\t\t\t<div class=\"elementor-element elementor-element-2bd7f14 elementor-widget elementor-widget-text-editor\" data-id=\"2bd7f14\" data-element_type=\"widget\" data-e-type=\"widget\" data-widget_type=\"text-editor.default\">\n\t\t\t\t<div class=\"elementor-widget-container\">\n\t\t\t\t\t\t\t\t\t<p style=\"text-align: center;\"><strong>Bertolatti &amp; Marveggio srl<\/strong><\/p><p style=\"text-align: center;\">Via delle Prese 17 &#8211; 23100 Sondrio\u00a0<\/p><p style=\"text-align: center;\">C.F.\/P.IVA 01060220140<\/p>\t\t\t\t\t\t\t\t<\/div>\n\t\t\t\t<\/div>\n\t\t\t\t\t<\/div>\n\t\t<\/div>\n\t\t\t\t\t<\/div>\n\t\t<\/section>\n\t\t\t\t<section class=\"elementor-section elementor-top-section elementor-element elementor-element-2748f2f elementor-section-boxed elementor-section-height-default elementor-section-height-default\" data-id=\"2748f2f\" data-element_type=\"section\" data-e-type=\"section\">\n\t\t\t\t\t\t<div class=\"elementor-container elementor-column-gap-default\">\n\t\t\t\t\t<div class=\"elementor-column elementor-col-100 elementor-top-column elementor-element elementor-element-4be0a88\" data-id=\"4be0a88\" data-element_type=\"column\" data-e-type=\"column\">\n\t\t\t<div class=\"elementor-widget-wrap elementor-element-populated\">\n\t\t\t\t\t\t<div class=\"elementor-element elementor-element-5e6dce6 elementor-widget elementor-widget-text-editor\" data-id=\"5e6dce6\" data-element_type=\"widget\" data-e-type=\"widget\" data-widget_type=\"text-editor.default\">\n\t\t\t\t<div class=\"elementor-widget-container\">\n\t\t\t\t\t\t\t\t\t<p style=\"text-align: center;\"><em>Questo servizio \u00e8 stato realizzato grazie a www.segnalazionevincente.com<\/em><\/p>\t\t\t\t\t\t\t\t<\/div>\n\t\t\t\t<\/div>\n\t\t\t\t\t<\/div>\n\t\t<\/div>\n\t\t\t\t\t<\/div>\n\t\t<\/section>\n\t\t\t\t<\/div>\n\t\t","protected":false},"excerpt":{"rendered":"<p>SI VOGLIO CONOSCERE DI PIU&#8217; QUESTA OCCASIONE QUI TI ANTICIPO UNA&nbsp;SINTESI DI COME FUNZIONA!. &nbsp; Se hai gi\u00e0 un conoscente da segnalarci puoi partire in quarta subito\u2026 Infatti dopo la richiesta potrai ricevere il link<\/p>\n","protected":false},"author":1,"featured_media":0,"parent":0,"menu_order":0,"comment_status":"open","ping_status":"closed","template":"","meta":{"footnotes":""},"class_list":["post-701","page","type-page","status-publish","hentry"],"_links":{"self":[{"href":"https:\/\/www.piuvalorecasa.online\/index.php?rest_route=\/wp\/v2\/pages\/701","targetHints":{"allow":["GET"]}}],"collection":[{"href":"https:\/\/www.piuvalorecasa.online\/index.php?rest_route=\/wp\/v2\/pages"}],"about":[{"href":"https:\/\/www.piuvalorecasa.online\/index.php?rest_route=\/wp\/v2\/types\/page"}],"author":[{"embeddable":true,"href":"https:\/\/www.piuvalorecasa.online\/index.php?rest_route=\/wp\/v2\/users\/1"}],"replies":[{"embeddable":true,"href":"https:\/\/www.piuvalorecasa.online\/index.php?rest_route=%2Fwp%2Fv2%2Fcomments&post=701"}],"version-history":[{"count":83,"href":"https:\/\/www.piuvalorecasa.online\/index.php?rest_route=\/wp\/v2\/pages\/701\/revisions"}],"predecessor-version":[{"id":2085,"href":"https:\/\/www.piuvalorecasa.online\/index.php?rest_route=\/wp\/v2\/pages\/701\/revisions\/2085"}],"wp:attachment":[{"href":"https:\/\/www.piuvalorecasa.online\/index.php?rest_route=%2Fwp%2Fv2%2Fmedia&parent=701"}],"curies":[{"name":"wp","href":"https:\/\/api.w.org\/{rel}","templated":true}]}}